{"id":470,"date":"2024-08-29T11:26:49","date_gmt":"2024-08-29T11:26:49","guid":{"rendered":"https:\/\/plytnikpospolity.pl\/?page_id=470"},"modified":"2024-08-29T11:26:50","modified_gmt":"2024-08-29T11:26:50","slug":"media","status":"publish","type":"page","link":"https:\/\/plytnikpospolity.pl\/index.php\/media\/","title":{"rendered":"Media"},"content":{"rendered":"<div class=\"wp-block-image\">\n<figure class=\"alignleft size-large is-resized\"><img loading=\"lazy\" decoding=\"async\" width=\"768\" height=\"1024\" src=\"https:\/\/plytnikpospolity.pl\/wp-content\/uploads\/2024\/08\/KOLORO_1724930033665-768x1024.jpg\" alt=\"\" class=\"wp-image-468\" style=\"width:433px;height:auto\" srcset=\"https:\/\/plytnikpospolity.pl\/wp-content\/uploads\/2024\/08\/KOLORO_1724930033665-768x1024.jpg 768w, https:\/\/plytnikpospolity.pl\/wp-content\/uploads\/2024\/08\/KOLORO_1724930033665-225x300.jpg 225w, https:\/\/plytnikpospolity.pl\/wp-content\/uploads\/2024\/08\/KOLORO_1724930033665-1152x1536.jpg 1152w, https:\/\/plytnikpospolity.pl\/wp-content\/uploads\/2024\/08\/KOLORO_1724930033665-1536x2048.jpg 1536w, https:\/\/plytnikpospolity.pl\/wp-content\/uploads\/2024\/08\/KOLORO_1724930033665-scaled.jpg 1920w\" sizes=\"auto, (max-width: 768px) 100vw, 768px\" \/><\/figure>\n<\/div>\n\n\n<p class=\"has-medium-font-size\"><strong>Na zaproszenie Czwartego Programu Polskiego Radia, w \u015brod\u0119 21 sierpnia 2024 r. mia\u0142em okazj\u0119 opowiedzie\u0107 o swojej p\u0142ytnikowej pasji. <\/strong><\/p>\n\n\n\n<p class=\"has-medium-font-size\"><strong>Rozmow\u0119 ze mn\u0105 przeprowadzi\u0142 Numer Raz &#8211; Pan Micha\u0142 Witak<\/strong>. <\/p>\n\n\n\n<p class=\"has-medium-font-size\"><strong>By\u0142o to bardzo mi\u0142e do\u015bwiadczenie, a ca\u0142a ekipa radiowa, pomog\u0142a prze\u0142ama\u0107 trem\u0119, zwi\u0105zan\u0105 z wyst\u0119pem na \u017cywo.   <\/strong><\/p>\n\n\n\n<p class=\"has-medium-font-size\"><strong>Zapraszam do wys\u0142uchania rozmowy, kt\u00f3r\u0105 publikuj\u0119 dzi\u0119ki uprzejmo\u015bci Czw\u00f3rki &#8211; Polskiego Radia.<\/strong><\/p>\n\n\n\n<figure class=\"wp-block-audio alignleft\"><audio controls src=\"https:\/\/plytnikpospolity.pl\/wp-content\/uploads\/2024\/08\/Nagranie-radio.mp3\"><\/audio><\/figure>\n","protected":false},"excerpt":{"rendered":"<p>Na zaproszenie Czwartego Programu Polskiego Radia, w \u015brod\u0119 21 sierpnia 2024 r. mia\u0142em okazj\u0119 opowiedzie\u0107 o swojej p\u0142ytnikowej pasji. Rozmow\u0119 ze mn\u0105 przeprowadzi\u0142 Numer Raz &#8211; Pan Micha\u0142 Witak. By\u0142o to bardzo mi\u0142e do\u015bwiadczenie, a ca\u0142a ekipa radiowa, pomog\u0142a prze\u0142ama\u0107 trem\u0119, zwi\u0105zan\u0105 z wyst\u0119pem na \u017cywo. Zapraszam do wys\u0142uchania rozmowy, kt\u00f3r\u0105 publikuj\u0119 dzi\u0119ki uprzejmo\u015bci Czw\u00f3rki&#8230;<\/p>\n","protected":false},"author":1,"featured_media":0,"parent":0,"menu_order":0,"comment_status":"closed","ping_status":"closed","template":"","meta":{"_kadence_starter_templates_imported_post":false,"_kad_post_transparent":"","_kad_post_title":"","_kad_post_layout":"","_kad_post_sidebar_id":"","_kad_post_content_style":"","_kad_post_vertical_padding":"","_kad_post_feature":"","_kad_post_feature_position":"","_kad_post_header":false,"_kad_post_footer":false,"footnotes":""},"class_list":["post-470","page","type-page","status-publish","hentry"],"yoast_head":"<!-- This site is optimized with the Yoast SEO plugin v27.5 - https:\/\/yoast.com\/product\/yoast-seo-wordpress\/ -->\n<title>Media - P\u0142ytnik Pospolity - ma\u0142a strona o wielkiej p\u0142ycie i nie tylko<\/title>\n<meta name=\"robots\" content=\"index, follow, max-snippet:-1, max-image-preview:large, max-video-preview:-1\" \/>\n<link rel=\"canonical\" href=\"https:\/\/plytnikpospolity.pl\/index.php\/media\/\" \/>\n<meta property=\"og:locale\" content=\"pl_PL\" \/>\n<meta property=\"og:type\" content=\"article\" \/>\n<meta property=\"og:title\" content=\"Media - P\u0142ytnik Pospolity - ma\u0142a strona o wielkiej p\u0142ycie i nie tylko\" \/>\n<meta property=\"og:description\" content=\"Na zaproszenie Czwartego Programu Polskiego Radia, w \u015brod\u0119 21 sierpnia 2024 r. mia\u0142em okazj\u0119 opowiedzie\u0107 o swojej p\u0142ytnikowej pasji. Rozmow\u0119 ze mn\u0105 przeprowadzi\u0142 Numer Raz &#8211; Pan Micha\u0142 Witak. By\u0142o to bardzo mi\u0142e do\u015bwiadczenie, a ca\u0142a ekipa radiowa, pomog\u0142a prze\u0142ama\u0107 trem\u0119, zwi\u0105zan\u0105 z wyst\u0119pem na \u017cywo. Zapraszam do wys\u0142uchania rozmowy, kt\u00f3r\u0105 publikuj\u0119 dzi\u0119ki uprzejmo\u015bci Czw\u00f3rki...\" \/>\n<meta property=\"og:url\" content=\"https:\/\/plytnikpospolity.pl\/index.php\/media\/\" \/>\n<meta property=\"og:site_name\" content=\"P\u0142ytnik Pospolity - ma\u0142a strona o wielkiej p\u0142ycie i nie tylko\" \/>\n<meta property=\"article:modified_time\" content=\"2024-08-29T11:26:50+00:00\" \/>\n<meta property=\"og:image\" content=\"http:\/\/plytnikpospolity.pl\/wp-content\/uploads\/2024\/08\/KOLORO_1724930033665-768x1024.jpg\" \/>\n<meta name=\"twitter:card\" content=\"summary_large_image\" \/>\n<script type=\"application\/ld+json\" class=\"yoast-schema-graph\">{\"@context\":\"https:\\\/\\\/schema.org\",\"@graph\":[{\"@type\":\"WebPage\",\"@id\":\"https:\\\/\\\/plytnikpospolity.pl\\\/index.php\\\/media\\\/\",\"url\":\"https:\\\/\\\/plytnikpospolity.pl\\\/index.php\\\/media\\\/\",\"name\":\"Media - P\u0142ytnik Pospolity - ma\u0142a strona o wielkiej p\u0142ycie i nie tylko\",\"isPartOf\":{\"@id\":\"https:\\\/\\\/plytnikpospolity.pl\\\/#website\"},\"primaryImageOfPage\":{\"@id\":\"https:\\\/\\\/plytnikpospolity.pl\\\/index.php\\\/media\\\/#primaryimage\"},\"image\":{\"@id\":\"https:\\\/\\\/plytnikpospolity.pl\\\/index.php\\\/media\\\/#primaryimage\"},\"thumbnailUrl\":\"http:\\\/\\\/plytnikpospolity.pl\\\/wp-content\\\/uploads\\\/2024\\\/08\\\/KOLORO_1724930033665-768x1024.jpg\",\"datePublished\":\"2024-08-29T11:26:49+00:00\",\"dateModified\":\"2024-08-29T11:26:50+00:00\",\"breadcrumb\":{\"@id\":\"https:\\\/\\\/plytnikpospolity.pl\\\/index.php\\\/media\\\/#breadcrumb\"},\"inLanguage\":\"pl-PL\",\"potentialAction\":[{\"@type\":\"ReadAction\",\"target\":[\"https:\\\/\\\/plytnikpospolity.pl\\\/index.php\\\/media\\\/\"]}]},{\"@type\":\"ImageObject\",\"inLanguage\":\"pl-PL\",\"@id\":\"https:\\\/\\\/plytnikpospolity.pl\\\/index.php\\\/media\\\/#primaryimage\",\"url\":\"http:\\\/\\\/plytnikpospolity.pl\\\/wp-content\\\/uploads\\\/2024\\\/08\\\/KOLORO_1724930033665-768x1024.jpg\",\"contentUrl\":\"http:\\\/\\\/plytnikpospolity.pl\\\/wp-content\\\/uploads\\\/2024\\\/08\\\/KOLORO_1724930033665-768x1024.jpg\"},{\"@type\":\"BreadcrumbList\",\"@id\":\"https:\\\/\\\/plytnikpospolity.pl\\\/index.php\\\/media\\\/#breadcrumb\",\"itemListElement\":[{\"@type\":\"ListItem\",\"position\":1,\"name\":\"Strona g\u0142\u00f3wna\",\"item\":\"https:\\\/\\\/plytnikpospolity.pl\\\/\"},{\"@type\":\"ListItem\",\"position\":2,\"name\":\"Media\"}]},{\"@type\":\"WebSite\",\"@id\":\"https:\\\/\\\/plytnikpospolity.pl\\\/#website\",\"url\":\"https:\\\/\\\/plytnikpospolity.pl\\\/\",\"name\":\"P\u0142ytnik Pospolity - ma\u0142a strona o wielkiej p\u0142ycie i nie tylko\",\"description\":\"\",\"publisher\":{\"@id\":\"https:\\\/\\\/plytnikpospolity.pl\\\/#\\\/schema\\\/person\\\/d66a9034b0e621bf406ad6eca4f9c660\"},\"potentialAction\":[{\"@type\":\"SearchAction\",\"target\":{\"@type\":\"EntryPoint\",\"urlTemplate\":\"https:\\\/\\\/plytnikpospolity.pl\\\/?s={search_term_string}\"},\"query-input\":{\"@type\":\"PropertyValueSpecification\",\"valueRequired\":true,\"valueName\":\"search_term_string\"}}],\"inLanguage\":\"pl-PL\"},{\"@type\":[\"Person\",\"Organization\"],\"@id\":\"https:\\\/\\\/plytnikpospolity.pl\\\/#\\\/schema\\\/person\\\/d66a9034b0e621bf406ad6eca4f9c660\",\"name\":\"P\u0142ytnik Pospolity\",\"image\":{\"@type\":\"ImageObject\",\"inLanguage\":\"pl-PL\",\"@id\":\"https:\\\/\\\/secure.gravatar.com\\\/avatar\\\/1e57c6420780a2dc98ef3927ffd414bd2bc869097b05abe15632f4eaea398342?s=96&d=mm&r=g\",\"url\":\"https:\\\/\\\/secure.gravatar.com\\\/avatar\\\/1e57c6420780a2dc98ef3927ffd414bd2bc869097b05abe15632f4eaea398342?s=96&d=mm&r=g\",\"contentUrl\":\"https:\\\/\\\/secure.gravatar.com\\\/avatar\\\/1e57c6420780a2dc98ef3927ffd414bd2bc869097b05abe15632f4eaea398342?s=96&d=mm&r=g\",\"caption\":\"P\u0142ytnik Pospolity\"},\"logo\":{\"@id\":\"https:\\\/\\\/secure.gravatar.com\\\/avatar\\\/1e57c6420780a2dc98ef3927ffd414bd2bc869097b05abe15632f4eaea398342?s=96&d=mm&r=g\"},\"sameAs\":[\"http:\\\/\\\/plytnikpospolity.pl\",\"https:\\\/\\\/www.instagram.com\\\/plytnik_pospolity\\\/\"]}]}<\/script>\n<!-- \/ Yoast SEO plugin. -->","yoast_head_json":{"title":"Media - P\u0142ytnik Pospolity - ma\u0142a strona o wielkiej p\u0142ycie i nie tylko","robots":{"index":"index","follow":"follow","max-snippet":"max-snippet:-1","max-image-preview":"max-image-preview:large","max-video-preview":"max-video-preview:-1"},"canonical":"https:\/\/plytnikpospolity.pl\/index.php\/media\/","og_locale":"pl_PL","og_type":"article","og_title":"Media - P\u0142ytnik Pospolity - ma\u0142a strona o wielkiej p\u0142ycie i nie tylko","og_description":"Na zaproszenie Czwartego Programu Polskiego Radia, w \u015brod\u0119 21 sierpnia 2024 r. mia\u0142em okazj\u0119 opowiedzie\u0107 o swojej p\u0142ytnikowej pasji. Rozmow\u0119 ze mn\u0105 przeprowadzi\u0142 Numer Raz &#8211; Pan Micha\u0142 Witak. By\u0142o to bardzo mi\u0142e do\u015bwiadczenie, a ca\u0142a ekipa radiowa, pomog\u0142a prze\u0142ama\u0107 trem\u0119, zwi\u0105zan\u0105 z wyst\u0119pem na \u017cywo. Zapraszam do wys\u0142uchania rozmowy, kt\u00f3r\u0105 publikuj\u0119 dzi\u0119ki uprzejmo\u015bci Czw\u00f3rki...","og_url":"https:\/\/plytnikpospolity.pl\/index.php\/media\/","og_site_name":"P\u0142ytnik Pospolity - ma\u0142a strona o wielkiej p\u0142ycie i nie tylko","article_modified_time":"2024-08-29T11:26:50+00:00","og_image":[{"url":"http:\/\/plytnikpospolity.pl\/wp-content\/uploads\/2024\/08\/KOLORO_1724930033665-768x1024.jpg","type":"","width":"","height":""}],"twitter_card":"summary_large_image","schema":{"@context":"https:\/\/schema.org","@graph":[{"@type":"WebPage","@id":"https:\/\/plytnikpospolity.pl\/index.php\/media\/","url":"https:\/\/plytnikpospolity.pl\/index.php\/media\/","name":"Media - P\u0142ytnik Pospolity - ma\u0142a strona o wielkiej p\u0142ycie i nie tylko","isPartOf":{"@id":"https:\/\/plytnikpospolity.pl\/#website"},"primaryImageOfPage":{"@id":"https:\/\/plytnikpospolity.pl\/index.php\/media\/#primaryimage"},"image":{"@id":"https:\/\/plytnikpospolity.pl\/index.php\/media\/#primaryimage"},"thumbnailUrl":"http:\/\/plytnikpospolity.pl\/wp-content\/uploads\/2024\/08\/KOLORO_1724930033665-768x1024.jpg","datePublished":"2024-08-29T11:26:49+00:00","dateModified":"2024-08-29T11:26:50+00:00","breadcrumb":{"@id":"https:\/\/plytnikpospolity.pl\/index.php\/media\/#breadcrumb"},"inLanguage":"pl-PL","potentialAction":[{"@type":"ReadAction","target":["https:\/\/plytnikpospolity.pl\/index.php\/media\/"]}]},{"@type":"ImageObject","inLanguage":"pl-PL","@id":"https:\/\/plytnikpospolity.pl\/index.php\/media\/#primaryimage","url":"http:\/\/plytnikpospolity.pl\/wp-content\/uploads\/2024\/08\/KOLORO_1724930033665-768x1024.jpg","contentUrl":"http:\/\/plytnikpospolity.pl\/wp-content\/uploads\/2024\/08\/KOLORO_1724930033665-768x1024.jpg"},{"@type":"BreadcrumbList","@id":"https:\/\/plytnikpospolity.pl\/index.php\/media\/#breadcrumb","itemListElement":[{"@type":"ListItem","position":1,"name":"Strona g\u0142\u00f3wna","item":"https:\/\/plytnikpospolity.pl\/"},{"@type":"ListItem","position":2,"name":"Media"}]},{"@type":"WebSite","@id":"https:\/\/plytnikpospolity.pl\/#website","url":"https:\/\/plytnikpospolity.pl\/","name":"P\u0142ytnik Pospolity - ma\u0142a strona o wielkiej p\u0142ycie i nie tylko","description":"","publisher":{"@id":"https:\/\/plytnikpospolity.pl\/#\/schema\/person\/d66a9034b0e621bf406ad6eca4f9c660"},"potentialAction":[{"@type":"SearchAction","target":{"@type":"EntryPoint","urlTemplate":"https:\/\/plytnikpospolity.pl\/?s={search_term_string}"},"query-input":{"@type":"PropertyValueSpecification","valueRequired":true,"valueName":"search_term_string"}}],"inLanguage":"pl-PL"},{"@type":["Person","Organization"],"@id":"https:\/\/plytnikpospolity.pl\/#\/schema\/person\/d66a9034b0e621bf406ad6eca4f9c660","name":"P\u0142ytnik Pospolity","image":{"@type":"ImageObject","inLanguage":"pl-PL","@id":"https:\/\/secure.gravatar.com\/avatar\/1e57c6420780a2dc98ef3927ffd414bd2bc869097b05abe15632f4eaea398342?s=96&d=mm&r=g","url":"https:\/\/secure.gravatar.com\/avatar\/1e57c6420780a2dc98ef3927ffd414bd2bc869097b05abe15632f4eaea398342?s=96&d=mm&r=g","contentUrl":"https:\/\/secure.gravatar.com\/avatar\/1e57c6420780a2dc98ef3927ffd414bd2bc869097b05abe15632f4eaea398342?s=96&d=mm&r=g","caption":"P\u0142ytnik Pospolity"},"logo":{"@id":"https:\/\/secure.gravatar.com\/avatar\/1e57c6420780a2dc98ef3927ffd414bd2bc869097b05abe15632f4eaea398342?s=96&d=mm&r=g"},"sameAs":["http:\/\/plytnikpospolity.pl","https:\/\/www.instagram.com\/plytnik_pospolity\/"]}]}},"_links":{"self":[{"href":"https:\/\/plytnikpospolity.pl\/index.php\/wp-json\/wp\/v2\/pages\/470","targetHints":{"allow":["GET"]}}],"collection":[{"href":"https:\/\/plytnikpospolity.pl\/index.php\/wp-json\/wp\/v2\/pages"}],"about":[{"href":"https:\/\/plytnikpospolity.pl\/index.php\/wp-json\/wp\/v2\/types\/page"}],"author":[{"embeddable":true,"href":"https:\/\/plytnikpospolity.pl\/index.php\/wp-json\/wp\/v2\/users\/1"}],"replies":[{"embeddable":true,"href":"https:\/\/plytnikpospolity.pl\/index.php\/wp-json\/wp\/v2\/comments?post=470"}],"version-history":[{"count":1,"href":"https:\/\/plytnikpospolity.pl\/index.php\/wp-json\/wp\/v2\/pages\/470\/revisions"}],"predecessor-version":[{"id":471,"href":"https:\/\/plytnikpospolity.pl\/index.php\/wp-json\/wp\/v2\/pages\/470\/revisions\/471"}],"wp:attachment":[{"href":"https:\/\/plytnikpospolity.pl\/index.php\/wp-json\/wp\/v2\/media?parent=470"}],"curies":[{"name":"wp","href":"https:\/\/api.w.org\/{rel}","templated":true}]}}